{"id":2842,"date":"2023-08-18T21:44:35","date_gmt":"2023-08-18T21:44:35","guid":{"rendered":"https:\/\/francyriverapeluqueria.com.co\/?post_type=product&#038;p=2842"},"modified":"2025-08-29T20:38:23","modified_gmt":"2025-08-29T20:38:23","slug":"condicionador-scalp-advanced-anti-inconfort-discomfort-200ml","status":"publish","type":"product","link":"https:\/\/francyriverapeluqueria.com.co\/index.php\/producto\/condicionador-scalp-advanced-anti-inconfort-discomfort-200ml\/","title":{"rendered":"ACONDICIONADOR SCALP ADVANCED ANTI-INCONFORT DISCONFORT"},"content":{"rendered":"<p>Es un tratamiento intensivo espec\u00edficamente formulado para cueros cabelludos sensibles. Para ello, esta potente f\u00f3rmula cuenta con Niacinamida, un ingrediente con exquisitas propiedades calmantes y equilibrantes. Con esta incre\u00edble f\u00f3rmula, este producto alivia de manera instant\u00e1nea y efectiva las molestias del cuero cabelludo. De hecho, funciona como una loci\u00f3n calmante inmediata que alivia instant\u00e1neamente el cuero cabelludo de cualquier sensaci\u00f3n de incomodidad como ardor u hormigueo, que puede ser frecuente en caso de sensibilidad. Adem\u00e1s, puedes aplicarlo en el cuero cabelludo y extenderlo a los largos ya que ayudar\u00e1 a desenredar el cabello, dej\u00e1ndolo suave e hidratado.<\/p>\n<p>Adem\u00e1s de estos beneficios, este tratamiento tambi\u00e9n ofrece una agradable aplicaci\u00f3n. Tiene una f\u00f3rmula ligera en gel sin siliconas con un perfume fresco que ofrece una sensaci\u00f3n pura y no apelmaza el cabello. Como \u00faltima nota, este producto fue desarrollado con profesionales y aprobado por dermat\u00f3logos. Con todo, este tratamiento cient\u00edficamente probado es el complemento perfecto para su rutina de cuidado del cabello si siente alg\u00fan tipo de molestia en el cuero cabelludo y necesita un alivio instant\u00e1neo, con resultados profesionales.<\/p>\n","protected":false},"excerpt":{"rendered":"<p>Es un tratamiento intensivo espec\u00edficamente formulado para cueros cabelludos sensibles. Para ello, esta potente f\u00f3rmula cuenta con Niacinamida, un ingrediente con exquisitas propiedades calmantes y equilibrantes. Con esta incre\u00edble f\u00f3rmula, este producto alivia de manera instant\u00e1nea y efectiva las molestias del cuero cabelludo. De hecho, funciona como una loci\u00f3n calmante inmediata que alivia instant\u00e1neamente el [&hellip;]<\/p>\n","protected":false},"featured_media":3400,"comment_status":"open","ping_status":"closed","template":"","meta":{"site-sidebar-layout":"default","site-content-layout":"","ast-site-content-layout":"default","site-content-style":"default","site-sidebar-style":"default","ast-global-header-display":"","ast-banner-title-visibility":"","ast-main-header-display":"","ast-hfb-above-header-display":"","ast-hfb-below-header-display":"","ast-hfb-mobile-header-display":"","site-post-title":"","ast-breadcrumbs-content":"","ast-featured-img":"","footer-sml-layout":"","ast-disable-related-posts":"","theme-transparent-header-meta":"","adv-header-id-meta":"","stick-header-meta":"","header-above-stick-meta":"","header-main-stick-meta":"","header-below-stick-meta":"","astra-migrate-meta-layouts":"default","ast-page-background-enabled":"default","ast-page-background-meta":{"desktop":{"background-color":"","background-image":"","background-repeat":"repeat","background-position":"center center","background-size":"auto","background-attachment":"scroll","background-type":"","background-media":"","overlay-type":"","overlay-color":"","overlay-opacity":"","overlay-gradient":""},"tablet":{"background-color":"","background-image":"","background-repeat":"repeat","background-position":"center center","background-size":"auto","background-attachment":"scroll","background-type":"","background-media":"","overlay-type":"","overlay-color":"","overlay-opacity":"","overlay-gradient":""},"mobile":{"background-color":"","background-image":"","background-repeat":"repeat","background-position":"center center","background-size":"auto","background-attachment":"scroll","background-type":"","background-media":"","overlay-type":"","overlay-color":"","overlay-opacity":"","overlay-gradient":""}},"ast-content-background-meta":{"desktop":{"background-color":"var(--ast-global-color-5)","background-image":"","background-repeat":"repeat","background-position":"center center","background-size":"auto","background-attachment":"scroll","background-type":"","background-media":"","overlay-type":"","overlay-color":"","overlay-opacity":"","overlay-gradient":""},"tablet":{"background-color":"var(--ast-global-color-5)","background-image":"","background-repeat":"repeat","background-position":"center center","background-size":"auto","background-attachment":"scroll","background-type":"","background-media":"","overlay-type":"","overlay-color":"","overlay-opacity":"","overlay-gradient":""},"mobile":{"background-color":"var(--ast-global-color-5)","background-image":"","background-repeat":"repeat","background-position":"center center","background-size":"auto","background-attachment":"scroll","background-type":"","background-media":"","overlay-type":"","overlay-color":"","overlay-opacity":"","overlay-gradient":""}},"_joinchat":[]},"product_brand":[],"product_cat":[58],"product_tag":[],"class_list":{"0":"post-2842","1":"product","2":"type-product","3":"status-publish","4":"has-post-thumbnail","6":"product_cat-acondicionadores","7":"desktop-align-left","8":"tablet-align-left","9":"mobile-align-left","11":"first","12":"instock","13":"shipping-taxable","14":"purchasable","15":"product-type-simple"},"_links":{"self":[{"href":"https:\/\/francyriverapeluqueria.com.co\/index.php\/wp-json\/wp\/v2\/product\/2842","targetHints":{"allow":["GET"]}}],"collection":[{"href":"https:\/\/francyriverapeluqueria.com.co\/index.php\/wp-json\/wp\/v2\/product"}],"about":[{"href":"https:\/\/francyriverapeluqueria.com.co\/index.php\/wp-json\/wp\/v2\/types\/product"}],"replies":[{"embeddable":true,"href":"https:\/\/francyriverapeluqueria.com.co\/index.php\/wp-json\/wp\/v2\/comments?post=2842"}],"wp:featuredmedia":[{"embeddable":true,"href":"https:\/\/francyriverapeluqueria.com.co\/index.php\/wp-json\/wp\/v2\/media\/3400"}],"wp:attachment":[{"href":"https:\/\/francyriverapeluqueria.com.co\/index.php\/wp-json\/wp\/v2\/media?parent=2842"}],"wp:term":[{"taxonomy":"product_brand","embeddable":true,"href":"https:\/\/francyriverapeluqueria.com.co\/index.php\/wp-json\/wp\/v2\/product_brand?post=2842"},{"taxonomy":"product_cat","embeddable":true,"href":"https:\/\/francyriverapeluqueria.com.co\/index.php\/wp-json\/wp\/v2\/product_cat?post=2842"},{"taxonomy":"product_tag","embeddable":true,"href":"https:\/\/francyriverapeluqueria.com.co\/index.php\/wp-json\/wp\/v2\/product_tag?post=2842"}],"curies":[{"name":"wp","href":"https:\/\/api.w.org\/{rel}","templated":true}]}}