{"id":2840,"date":"2023-08-18T21:36:24","date_gmt":"2023-08-18T21:36:24","guid":{"rendered":"https:\/\/francyriverapeluqueria.com.co\/?post_type=product&#038;p=2840"},"modified":"2025-08-28T16:27:56","modified_gmt":"2025-08-28T16:27:56","slug":"mascarilla-scalp-advanced-anti-gras-oiliness-2-in-1-250ml","status":"publish","type":"product","link":"https:\/\/francyriverapeluqueria.com.co\/index.php\/producto\/mascarilla-scalp-advanced-anti-gras-oiliness-2-in-1-250ml\/","title":{"rendered":"MASCARILLA SCALP ADVANCED ANTI-GRASS"},"content":{"rendered":"<p>Es una arcilla multiusos que elimina el exceso de sebo. En este sentido, este producto tiene una f\u00f3rmula incre\u00edble que se enfoca en las necesidades del cabello graso. Lo m\u00e1s importante es que se puede utilizar de dos maneras diferentes. Puedes aplicarlo como champ\u00fa o como mascarilla capilar. Sea como sea, el objetivo es el mismo: eliminar el exceso de sebo. Para ello, la f\u00f3rmula cuenta con un 6% de Arcilla que ofrece una acci\u00f3n purificante. De hecho, esto es capaz de eliminar eficazmente los residuos, el sudor y el sebo. Dicho esto, no solo reduce el sebo en un 78 %, sino que tambi\u00e9n aumenta el volumen en un 24 %. As\u00ed, su f\u00f3rmula dejar\u00e1 el cabello con una sensaci\u00f3n de ligereza y volumen, con una sensaci\u00f3n verdaderamente limpia.<\/p>\n<p>Esta arcilla multiusos cient\u00edficamente probada es una gran adici\u00f3n a tu rutina de cuidado del cabello, ya sea como mascarilla o como champ\u00fa, si tienes problemas con el cabello graso. Brindar\u00e1 resultados sobresalientes y profesionales para un cuero cabelludo y cabello sanos y equilibrados.<\/p>\n","protected":false},"excerpt":{"rendered":"<p>Es una arcilla multiusos que elimina el exceso de sebo. En este sentido, este producto tiene una f\u00f3rmula incre\u00edble que se enfoca en las necesidades del cabello graso. Lo m\u00e1s importante es que se puede utilizar de dos maneras diferentes. Puedes aplicarlo como champ\u00fa o como mascarilla capilar. Sea como sea, el objetivo es el [&hellip;]<\/p>\n","protected":false},"featured_media":3352,"comment_status":"open","ping_status":"closed","template":"","meta":{"site-sidebar-layout":"default","site-content-layout":"","ast-site-content-layout":"default","site-content-style":"default","site-sidebar-style":"default","ast-global-header-display":"","ast-banner-title-visibility":"","ast-main-header-display":"","ast-hfb-above-header-display":"","ast-hfb-below-header-display":"","ast-hfb-mobile-header-display":"","site-post-title":"","ast-breadcrumbs-content":"","ast-featured-img":"","footer-sml-layout":"","ast-disable-related-posts":"","theme-transparent-header-meta":"","adv-header-id-meta":"","stick-header-meta":"","header-above-stick-meta":"","header-main-stick-meta":"","header-below-stick-meta":"","astra-migrate-meta-layouts":"default","ast-page-background-enabled":"default","ast-page-background-meta":{"desktop":{"background-color":"","background-image":"","background-repeat":"repeat","background-position":"center center","background-size":"auto","background-attachment":"scroll","background-type":"","background-media":"","overlay-type":"","overlay-color":"","overlay-opacity":"","overlay-gradient":""},"tablet":{"background-color":"","background-image":"","background-repeat":"repeat","background-position":"center center","background-size":"auto","background-attachment":"scroll","background-type":"","background-media":"","overlay-type":"","overlay-color":"","overlay-opacity":"","overlay-gradient":""},"mobile":{"background-color":"","background-image":"","background-repeat":"repeat","background-position":"center center","background-size":"auto","background-attachment":"scroll","background-type":"","background-media":"","overlay-type":"","overlay-color":"","overlay-opacity":"","overlay-gradient":""}},"ast-content-background-meta":{"desktop":{"background-color":"var(--ast-global-color-5)","background-image":"","background-repeat":"repeat","background-position":"center center","background-size":"auto","background-attachment":"scroll","background-type":"","background-media":"","overlay-type":"","overlay-color":"","overlay-opacity":"","overlay-gradient":""},"tablet":{"background-color":"var(--ast-global-color-5)","background-image":"","background-repeat":"repeat","background-position":"center center","background-size":"auto","background-attachment":"scroll","background-type":"","background-media":"","overlay-type":"","overlay-color":"","overlay-opacity":"","overlay-gradient":""},"mobile":{"background-color":"var(--ast-global-color-5)","background-image":"","background-repeat":"repeat","background-position":"center center","background-size":"auto","background-attachment":"scroll","background-type":"","background-media":"","overlay-type":"","overlay-color":"","overlay-opacity":"","overlay-gradient":""}},"_joinchat":[]},"product_brand":[],"product_cat":[59],"product_tag":[],"class_list":{"0":"post-2840","1":"product","2":"type-product","3":"status-publish","4":"has-post-thumbnail","6":"product_cat-mascarillas","7":"desktop-align-left","8":"tablet-align-left","9":"mobile-align-left","11":"first","12":"instock","13":"shipping-taxable","14":"purchasable","15":"product-type-simple"},"_links":{"self":[{"href":"https:\/\/francyriverapeluqueria.com.co\/index.php\/wp-json\/wp\/v2\/product\/2840","targetHints":{"allow":["GET"]}}],"collection":[{"href":"https:\/\/francyriverapeluqueria.com.co\/index.php\/wp-json\/wp\/v2\/product"}],"about":[{"href":"https:\/\/francyriverapeluqueria.com.co\/index.php\/wp-json\/wp\/v2\/types\/product"}],"replies":[{"embeddable":true,"href":"https:\/\/francyriverapeluqueria.com.co\/index.php\/wp-json\/wp\/v2\/comments?post=2840"}],"wp:featuredmedia":[{"embeddable":true,"href":"https:\/\/francyriverapeluqueria.com.co\/index.php\/wp-json\/wp\/v2\/media\/3352"}],"wp:attachment":[{"href":"https:\/\/francyriverapeluqueria.com.co\/index.php\/wp-json\/wp\/v2\/media?parent=2840"}],"wp:term":[{"taxonomy":"product_brand","embeddable":true,"href":"https:\/\/francyriverapeluqueria.com.co\/index.php\/wp-json\/wp\/v2\/product_brand?post=2840"},{"taxonomy":"product_cat","embeddable":true,"href":"https:\/\/francyriverapeluqueria.com.co\/index.php\/wp-json\/wp\/v2\/product_cat?post=2840"},{"taxonomy":"product_tag","embeddable":true,"href":"https:\/\/francyriverapeluqueria.com.co\/index.php\/wp-json\/wp\/v2\/product_tag?post=2840"}],"curies":[{"name":"wp","href":"https:\/\/api.w.org\/{rel}","templated":true}]}}