{"id":2838,"date":"2023-08-18T21:29:28","date_gmt":"2023-08-18T21:29:28","guid":{"rendered":"https:\/\/francyriverapeluqueria.com.co\/?post_type=product&#038;p=2838"},"modified":"2025-08-28T16:38:44","modified_gmt":"2025-08-28T16:38:44","slug":"shampoo-serioxyl-advanced-densifying-300ml","status":"publish","type":"product","link":"https:\/\/francyriverapeluqueria.com.co\/index.php\/producto\/shampoo-serioxyl-advanced-densifying-300ml\/","title":{"rendered":"SHAMPOO SERIOXYL ADVANCED"},"content":{"rendered":"<p>Es un poderoso champ\u00fa con una f\u00f3rmula innovadora dise\u00f1ada espec\u00edficamente para el cabello debilitado. En este sentido, se trata de un champ\u00fa purificante y densificante que limpiar\u00e1 suave y profundamente el cabello y el cuero cabelludo. Adem\u00e1s, los beneficios densificantes de este champ\u00fa dejar\u00e1n el cabello con una sensaci\u00f3n m\u00e1s espesa y densa con el uso continuado, en consecuencia da un efecto voluminizador con una apariencia m\u00e1s espesa. Dicho esto, una prueba instrumental mostr\u00f3 que, despu\u00e9s de una sola aplicaci\u00f3n, este champ\u00fa aumenta el volumen en un 22%.<\/p>\n<p>Adem\u00e1s de este efecto voluminizador, este champ\u00fa ofrece una agradable aplicaci\u00f3n. Tiene una f\u00f3rmula en gel libre de siliconas con un perfume fresco que se siente refrescante. Con todo, este champ\u00fa cient\u00edficamente probado es un gran complemento para tu rutina de cuidado del cabello si buscas abordar la p\u00e9rdida de densidad. Preparar\u00e1 perfectamente el cabello y el cuero cabelludo para los siguientes tratamientos como el s\u00e9rum de la misma gama.<\/p>\n","protected":false},"excerpt":{"rendered":"<p>Es un poderoso champ\u00fa con una f\u00f3rmula innovadora dise\u00f1ada espec\u00edficamente para el cabello debilitado. En este sentido, se trata de un champ\u00fa purificante y densificante que limpiar\u00e1 suave y profundamente el cabello y el cuero cabelludo. Adem\u00e1s, los beneficios densificantes de este champ\u00fa dejar\u00e1n el cabello con una sensaci\u00f3n m\u00e1s espesa y densa con el [&hellip;]<\/p>\n","protected":false},"featured_media":3358,"comment_status":"open","ping_status":"closed","template":"","meta":{"site-sidebar-layout":"default","site-content-layout":"","ast-site-content-layout":"default","site-content-style":"default","site-sidebar-style":"default","ast-global-header-display":"","ast-banner-title-visibility":"","ast-main-header-display":"","ast-hfb-above-header-display":"","ast-hfb-below-header-display":"","ast-hfb-mobile-header-display":"","site-post-title":"","ast-breadcrumbs-content":"","ast-featured-img":"","footer-sml-layout":"","ast-disable-related-posts":"","theme-transparent-header-meta":"","adv-header-id-meta":"","stick-header-meta":"","header-above-stick-meta":"","header-main-stick-meta":"","header-below-stick-meta":"","astra-migrate-meta-layouts":"default","ast-page-background-enabled":"default","ast-page-background-meta":{"desktop":{"background-color":"","background-image":"","background-repeat":"repeat","background-position":"center center","background-size":"auto","background-attachment":"scroll","background-type":"","background-media":"","overlay-type":"","overlay-color":"","overlay-opacity":"","overlay-gradient":""},"tablet":{"background-color":"","background-image":"","background-repeat":"repeat","background-position":"center center","background-size":"auto","background-attachment":"scroll","background-type":"","background-media":"","overlay-type":"","overlay-color":"","overlay-opacity":"","overlay-gradient":""},"mobile":{"background-color":"","background-image":"","background-repeat":"repeat","background-position":"center center","background-size":"auto","background-attachment":"scroll","background-type":"","background-media":"","overlay-type":"","overlay-color":"","overlay-opacity":"","overlay-gradient":""}},"ast-content-background-meta":{"desktop":{"background-color":"var(--ast-global-color-5)","background-image":"","background-repeat":"repeat","background-position":"center center","background-size":"auto","background-attachment":"scroll","background-type":"","background-media":"","overlay-type":"","overlay-color":"","overlay-opacity":"","overlay-gradient":""},"tablet":{"background-color":"var(--ast-global-color-5)","background-image":"","background-repeat":"repeat","background-position":"center center","background-size":"auto","background-attachment":"scroll","background-type":"","background-media":"","overlay-type":"","overlay-color":"","overlay-opacity":"","overlay-gradient":""},"mobile":{"background-color":"var(--ast-global-color-5)","background-image":"","background-repeat":"repeat","background-position":"center center","background-size":"auto","background-attachment":"scroll","background-type":"","background-media":"","overlay-type":"","overlay-color":"","overlay-opacity":"","overlay-gradient":""}},"_joinchat":[]},"product_brand":[],"product_cat":[57],"product_tag":[],"class_list":{"0":"post-2838","1":"product","2":"type-product","3":"status-publish","4":"has-post-thumbnail","6":"product_cat-shampoos","7":"desktop-align-left","8":"tablet-align-left","9":"mobile-align-left","11":"first","12":"instock","13":"shipping-taxable","14":"purchasable","15":"product-type-simple"},"_links":{"self":[{"href":"https:\/\/francyriverapeluqueria.com.co\/index.php\/wp-json\/wp\/v2\/product\/2838","targetHints":{"allow":["GET"]}}],"collection":[{"href":"https:\/\/francyriverapeluqueria.com.co\/index.php\/wp-json\/wp\/v2\/product"}],"about":[{"href":"https:\/\/francyriverapeluqueria.com.co\/index.php\/wp-json\/wp\/v2\/types\/product"}],"replies":[{"embeddable":true,"href":"https:\/\/francyriverapeluqueria.com.co\/index.php\/wp-json\/wp\/v2\/comments?post=2838"}],"wp:featuredmedia":[{"embeddable":true,"href":"https:\/\/francyriverapeluqueria.com.co\/index.php\/wp-json\/wp\/v2\/media\/3358"}],"wp:attachment":[{"href":"https:\/\/francyriverapeluqueria.com.co\/index.php\/wp-json\/wp\/v2\/media?parent=2838"}],"wp:term":[{"taxonomy":"product_brand","embeddable":true,"href":"https:\/\/francyriverapeluqueria.com.co\/index.php\/wp-json\/wp\/v2\/product_brand?post=2838"},{"taxonomy":"product_cat","embeddable":true,"href":"https:\/\/francyriverapeluqueria.com.co\/index.php\/wp-json\/wp\/v2\/product_cat?post=2838"},{"taxonomy":"product_tag","embeddable":true,"href":"https:\/\/francyriverapeluqueria.com.co\/index.php\/wp-json\/wp\/v2\/product_tag?post=2838"}],"curies":[{"name":"wp","href":"https:\/\/api.w.org\/{rel}","templated":true}]}}