{"id":2836,"date":"2023-08-18T21:19:42","date_gmt":"2023-08-18T21:19:42","guid":{"rendered":"https:\/\/francyriverapeluqueria.com.co\/?post_type=product&#038;p=2836"},"modified":"2025-08-25T15:37:28","modified_gmt":"2025-08-25T15:37:28","slug":"shampoo-scalp-advanced-anti-inconfort-discomfort-300ml","status":"publish","type":"product","link":"https:\/\/francyriverapeluqueria.com.co\/index.php\/producto\/shampoo-scalp-advanced-anti-inconfort-discomfort-300ml\/","title":{"rendered":"SHAMPOO SCALP ADVANCED ANTI-INCONFORT"},"content":{"rendered":"<p>Es un champ\u00fa calmante formulado espec\u00edficamente para cueros cabelludos sensibles propensos a la picaz\u00f3n. Adem\u00e1s de la picaz\u00f3n, en realidad alivia cualquier sensaci\u00f3n de incomodidad como ardor u hormigueo que puede ser frecuente en caso de sensibilidad. Esta acci\u00f3n es posible gracias a una potente f\u00f3rmula que contiene Niacinamida, un ingrediente con exquisitas propiedades calmantes y equilibrantes. Dicho esto, este champ\u00fa alivia instant\u00e1nea y eficazmente las molestias del cuero cabelludo. Adem\u00e1s, deja el cabello hidratado, radiante y suave. En resumen, este champ\u00fa limpia suavemente mientras calma el cuero cabelludo sensible.<\/p>\n<p>Adem\u00e1s de estos beneficios, este champ\u00fa tambi\u00e9n ofrece una aplicaci\u00f3n agradable. Tiene una f\u00f3rmula ligera en gel sin siliconas con un perfume fresco que ofrece una sensaci\u00f3n pura. Como \u00faltima nota, este champ\u00fa fue desarrollado con profesionales y aprobado por dermat\u00f3logos. Con todo, este champ\u00fa cient\u00edficamente probado es el complemento perfecto para tu rutina de cuidado del cabello si sientes alg\u00fan tipo de molestia en el cuero cabelludo y necesitas un alivio instant\u00e1neo. Funciona como una loci\u00f3n calmante, brindando resultados inmediatos y profesionales para un cuero cabelludo y cabello sanos y equilibrados.<\/p>\n","protected":false},"excerpt":{"rendered":"<p>Es un champ\u00fa calmante formulado espec\u00edficamente para cueros cabelludos sensibles propensos a la picaz\u00f3n. Adem\u00e1s de la picaz\u00f3n, en realidad alivia cualquier sensaci\u00f3n de incomodidad como ardor u hormigueo que puede ser frecuente en caso de sensibilidad. Esta acci\u00f3n es posible gracias a una potente f\u00f3rmula que contiene Niacinamida, un ingrediente con exquisitas propiedades calmantes [&hellip;]<\/p>\n","protected":false},"featured_media":2837,"comment_status":"open","ping_status":"closed","template":"","meta":{"site-sidebar-layout":"default","site-content-layout":"","ast-site-content-layout":"default","site-content-style":"default","site-sidebar-style":"default","ast-global-header-display":"","ast-banner-title-visibility":"","ast-main-header-display":"","ast-hfb-above-header-display":"","ast-hfb-below-header-display":"","ast-hfb-mobile-header-display":"","site-post-title":"","ast-breadcrumbs-content":"","ast-featured-img":"","footer-sml-layout":"","ast-disable-related-posts":"","theme-transparent-header-meta":"","adv-header-id-meta":"","stick-header-meta":"","header-above-stick-meta":"","header-main-stick-meta":"","header-below-stick-meta":"","astra-migrate-meta-layouts":"default","ast-page-background-enabled":"default","ast-page-background-meta":{"desktop":{"background-color":"","background-image":"","background-repeat":"repeat","background-position":"center center","background-size":"auto","background-attachment":"scroll","background-type":"","background-media":"","overlay-type":"","overlay-color":"","overlay-opacity":"","overlay-gradient":""},"tablet":{"background-color":"","background-image":"","background-repeat":"repeat","background-position":"center center","background-size":"auto","background-attachment":"scroll","background-type":"","background-media":"","overlay-type":"","overlay-color":"","overlay-opacity":"","overlay-gradient":""},"mobile":{"background-color":"","background-image":"","background-repeat":"repeat","background-position":"center center","background-size":"auto","background-attachment":"scroll","background-type":"","background-media":"","overlay-type":"","overlay-color":"","overlay-opacity":"","overlay-gradient":""}},"ast-content-background-meta":{"desktop":{"background-color":"var(--ast-global-color-5)","background-image":"","background-repeat":"repeat","background-position":"center center","background-size":"auto","background-attachment":"scroll","background-type":"","background-media":"","overlay-type":"","overlay-color":"","overlay-opacity":"","overlay-gradient":""},"tablet":{"background-color":"var(--ast-global-color-5)","background-image":"","background-repeat":"repeat","background-position":"center center","background-size":"auto","background-attachment":"scroll","background-type":"","background-media":"","overlay-type":"","overlay-color":"","overlay-opacity":"","overlay-gradient":""},"mobile":{"background-color":"var(--ast-global-color-5)","background-image":"","background-repeat":"repeat","background-position":"center center","background-size":"auto","background-attachment":"scroll","background-type":"","background-media":"","overlay-type":"","overlay-color":"","overlay-opacity":"","overlay-gradient":""}},"_joinchat":[]},"product_brand":[],"product_cat":[57],"product_tag":[],"class_list":{"0":"post-2836","1":"product","2":"type-product","3":"status-publish","4":"has-post-thumbnail","6":"product_cat-shampoos","7":"desktop-align-left","8":"tablet-align-left","9":"mobile-align-left","11":"first","12":"instock","13":"shipping-taxable","14":"purchasable","15":"product-type-simple"},"_links":{"self":[{"href":"https:\/\/francyriverapeluqueria.com.co\/index.php\/wp-json\/wp\/v2\/product\/2836","targetHints":{"allow":["GET"]}}],"collection":[{"href":"https:\/\/francyriverapeluqueria.com.co\/index.php\/wp-json\/wp\/v2\/product"}],"about":[{"href":"https:\/\/francyriverapeluqueria.com.co\/index.php\/wp-json\/wp\/v2\/types\/product"}],"replies":[{"embeddable":true,"href":"https:\/\/francyriverapeluqueria.com.co\/index.php\/wp-json\/wp\/v2\/comments?post=2836"}],"wp:featuredmedia":[{"embeddable":true,"href":"https:\/\/francyriverapeluqueria.com.co\/index.php\/wp-json\/wp\/v2\/media\/2837"}],"wp:attachment":[{"href":"https:\/\/francyriverapeluqueria.com.co\/index.php\/wp-json\/wp\/v2\/media?parent=2836"}],"wp:term":[{"taxonomy":"product_brand","embeddable":true,"href":"https:\/\/francyriverapeluqueria.com.co\/index.php\/wp-json\/wp\/v2\/product_brand?post=2836"},{"taxonomy":"product_cat","embeddable":true,"href":"https:\/\/francyriverapeluqueria.com.co\/index.php\/wp-json\/wp\/v2\/product_cat?post=2836"},{"taxonomy":"product_tag","embeddable":true,"href":"https:\/\/francyriverapeluqueria.com.co\/index.php\/wp-json\/wp\/v2\/product_tag?post=2836"}],"curies":[{"name":"wp","href":"https:\/\/api.w.org\/{rel}","templated":true}]}}