{"id":2831,"date":"2023-08-18T21:02:48","date_gmt":"2023-08-18T21:02:48","guid":{"rendered":"https:\/\/francyriverapeluqueria.com.co\/?post_type=product&#038;p=2831"},"modified":"2025-08-25T15:39:01","modified_gmt":"2025-08-25T15:39:01","slug":"shampoo-scalp-advanced-anti-gras-oiliness-300ml","status":"publish","type":"product","link":"https:\/\/francyriverapeluqueria.com.co\/index.php\/producto\/shampoo-scalp-advanced-anti-gras-oiliness-300ml\/","title":{"rendered":"SHAMPOO SCALP ADVANCED ANTI-GRASS"},"content":{"rendered":"<p>Es un champ\u00fa purificante que limpia tanto el cabello como el cuero cabelludo. En este sentido, este champ\u00fa tiene una f\u00f3rmula incre\u00edble que se enfoca en las necesidades del cabello graso. La producci\u00f3n excesiva de sebo puede provocar un cuero cabelludo graso y, posteriormente, un cabello graso. Pensando en esto, este champ\u00fa tiene una f\u00f3rmula espec\u00edfica que reduce el sebo en un 78% con una sola aplicaci\u00f3n, \u00a1siendo efectivo desde el primer d\u00eda! De esta forma, este champ\u00fa elimina eficazmente los residuos, el sudor y el sebo. As\u00ed, su f\u00f3rmula dejar\u00e1 el cabello con una sensaci\u00f3n de ligereza y una sensaci\u00f3n verdaderamente limpia.<\/p>\n<p>Adem\u00e1s de esta acci\u00f3n limpiadora, este champ\u00fa ofrece tambi\u00e9n una agradable aplicaci\u00f3n. Tiene una f\u00f3rmula ligera en gel sin siliconas con un perfume fresco que ofrece una sensaci\u00f3n pura, este champ\u00fa cient\u00edficamente probado es el complemento perfecto para tu rutina de cuidado del cabello si tienes problemas con el cabello graso. Brindar\u00e1 resultados sobresalientes y profesionales para un cuero cabelludo y cabello sanos y equilibrados.<\/p>\n","protected":false},"excerpt":{"rendered":"<p>Es un champ\u00fa purificante que limpia tanto el cabello como el cuero cabelludo. En este sentido, este champ\u00fa tiene una f\u00f3rmula incre\u00edble que se enfoca en las necesidades del cabello graso. La producci\u00f3n excesiva de sebo puede provocar un cuero cabelludo graso y, posteriormente, un cabello graso. Pensando en esto, este champ\u00fa tiene una f\u00f3rmula [&hellip;]<\/p>\n","protected":false},"featured_media":2832,"comment_status":"open","ping_status":"closed","template":"","meta":{"site-sidebar-layout":"default","site-content-layout":"","ast-site-content-layout":"default","site-content-style":"default","site-sidebar-style":"default","ast-global-header-display":"","ast-banner-title-visibility":"","ast-main-header-display":"","ast-hfb-above-header-display":"","ast-hfb-below-header-display":"","ast-hfb-mobile-header-display":"","site-post-title":"","ast-breadcrumbs-content":"","ast-featured-img":"","footer-sml-layout":"","ast-disable-related-posts":"","theme-transparent-header-meta":"","adv-header-id-meta":"","stick-header-meta":"","header-above-stick-meta":"","header-main-stick-meta":"","header-below-stick-meta":"","astra-migrate-meta-layouts":"default","ast-page-background-enabled":"default","ast-page-background-meta":{"desktop":{"background-color":"","background-image":"","background-repeat":"repeat","background-position":"center center","background-size":"auto","background-attachment":"scroll","background-type":"","background-media":"","overlay-type":"","overlay-color":"","overlay-opacity":"","overlay-gradient":""},"tablet":{"background-color":"","background-image":"","background-repeat":"repeat","background-position":"center center","background-size":"auto","background-attachment":"scroll","background-type":"","background-media":"","overlay-type":"","overlay-color":"","overlay-opacity":"","overlay-gradient":""},"mobile":{"background-color":"","background-image":"","background-repeat":"repeat","background-position":"center center","background-size":"auto","background-attachment":"scroll","background-type":"","background-media":"","overlay-type":"","overlay-color":"","overlay-opacity":"","overlay-gradient":""}},"ast-content-background-meta":{"desktop":{"background-color":"var(--ast-global-color-5)","background-image":"","background-repeat":"repeat","background-position":"center center","background-size":"auto","background-attachment":"scroll","background-type":"","background-media":"","overlay-type":"","overlay-color":"","overlay-opacity":"","overlay-gradient":""},"tablet":{"background-color":"var(--ast-global-color-5)","background-image":"","background-repeat":"repeat","background-position":"center center","background-size":"auto","background-attachment":"scroll","background-type":"","background-media":"","overlay-type":"","overlay-color":"","overlay-opacity":"","overlay-gradient":""},"mobile":{"background-color":"var(--ast-global-color-5)","background-image":"","background-repeat":"repeat","background-position":"center center","background-size":"auto","background-attachment":"scroll","background-type":"","background-media":"","overlay-type":"","overlay-color":"","overlay-opacity":"","overlay-gradient":""}},"_joinchat":[]},"product_brand":[],"product_cat":[57],"product_tag":[],"class_list":{"0":"post-2831","1":"product","2":"type-product","3":"status-publish","4":"has-post-thumbnail","6":"product_cat-shampoos","7":"desktop-align-left","8":"tablet-align-left","9":"mobile-align-left","11":"first","12":"instock","13":"shipping-taxable","14":"purchasable","15":"product-type-simple"},"_links":{"self":[{"href":"https:\/\/francyriverapeluqueria.com.co\/index.php\/wp-json\/wp\/v2\/product\/2831","targetHints":{"allow":["GET"]}}],"collection":[{"href":"https:\/\/francyriverapeluqueria.com.co\/index.php\/wp-json\/wp\/v2\/product"}],"about":[{"href":"https:\/\/francyriverapeluqueria.com.co\/index.php\/wp-json\/wp\/v2\/types\/product"}],"replies":[{"embeddable":true,"href":"https:\/\/francyriverapeluqueria.com.co\/index.php\/wp-json\/wp\/v2\/comments?post=2831"}],"wp:featuredmedia":[{"embeddable":true,"href":"https:\/\/francyriverapeluqueria.com.co\/index.php\/wp-json\/wp\/v2\/media\/2832"}],"wp:attachment":[{"href":"https:\/\/francyriverapeluqueria.com.co\/index.php\/wp-json\/wp\/v2\/media?parent=2831"}],"wp:term":[{"taxonomy":"product_brand","embeddable":true,"href":"https:\/\/francyriverapeluqueria.com.co\/index.php\/wp-json\/wp\/v2\/product_brand?post=2831"},{"taxonomy":"product_cat","embeddable":true,"href":"https:\/\/francyriverapeluqueria.com.co\/index.php\/wp-json\/wp\/v2\/product_cat?post=2831"},{"taxonomy":"product_tag","embeddable":true,"href":"https:\/\/francyriverapeluqueria.com.co\/index.php\/wp-json\/wp\/v2\/product_tag?post=2831"}],"curies":[{"name":"wp","href":"https:\/\/api.w.org\/{rel}","templated":true}]}}