{"id":2045,"date":"2022-11-26T20:38:15","date_gmt":"2022-11-26T20:38:15","guid":{"rendered":"https:\/\/francyriverapeluqueria.com.co\/?post_type=product&#038;p=2045"},"modified":"2025-08-25T16:48:13","modified_gmt":"2025-08-25T16:48:13","slug":"acondicionador-amplify-250-ml","status":"publish","type":"product","link":"https:\/\/francyriverapeluqueria.com.co\/index.php\/producto\/acondicionador-amplify-250-ml\/","title":{"rendered":"ACONDICIONADOR AMPLIFY"},"content":{"rendered":"<p>Amplify es un tratamiento engrosador para cabello delgado de Authentic Beauty Concept. Al buscar ingredientes naturales que realzan sus productos, Authentic Beauty Concept\u00a0encontr\u00f3 el t\u00e9 verde, conocido por sus poderes antioxidantes, este es el punto de partida de la l\u00ednea de productos Amplify Cleanser. Productos capilares ligeros, combinados con la frescura de la lima, perfectos para proporcionar volumen y cuerpo a tu cabello.<\/p>\n","protected":false},"excerpt":{"rendered":"<p>Amplify es un tratamiento engrosador para cabello delgado de Authentic Beauty Concept. Al buscar ingredientes naturales que realzan sus productos, Authentic Beauty Concept\u00a0encontr\u00f3 el t\u00e9 verde, conocido por sus poderes antioxidantes, este es el punto de partida de la l\u00ednea de productos Amplify Cleanser. Productos capilares ligeros, combinados con la frescura de la lima, perfectos [&hellip;]<\/p>\n","protected":false},"featured_media":2040,"comment_status":"open","ping_status":"closed","template":"","meta":{"site-sidebar-layout":"default","site-content-layout":"","ast-site-content-layout":"default","site-content-style":"default","site-sidebar-style":"default","ast-global-header-display":"","ast-banner-title-visibility":"","ast-main-header-display":"","ast-hfb-above-header-display":"","ast-hfb-below-header-display":"","ast-hfb-mobile-header-display":"","site-post-title":"","ast-breadcrumbs-content":"","ast-featured-img":"","footer-sml-layout":"","ast-disable-related-posts":"","theme-transparent-header-meta":"","adv-header-id-meta":"","stick-header-meta":"","header-above-stick-meta":"","header-main-stick-meta":"","header-below-stick-meta":"","astra-migrate-meta-layouts":"default","ast-page-background-enabled":"default","ast-page-background-meta":{"desktop":{"background-color":"","background-image":"","background-repeat":"repeat","background-position":"center center","background-size":"auto","background-attachment":"scroll","background-type":"","background-media":"","overlay-type":"","overlay-color":"","overlay-opacity":"","overlay-gradient":""},"tablet":{"background-color":"","background-image":"","background-repeat":"repeat","background-position":"center center","background-size":"auto","background-attachment":"scroll","background-type":"","background-media":"","overlay-type":"","overlay-color":"","overlay-opacity":"","overlay-gradient":""},"mobile":{"background-color":"","background-image":"","background-repeat":"repeat","background-position":"center center","background-size":"auto","background-attachment":"scroll","background-type":"","background-media":"","overlay-type":"","overlay-color":"","overlay-opacity":"","overlay-gradient":""}},"ast-content-background-meta":{"desktop":{"background-color":"var(--ast-global-color-5)","background-image":"","background-repeat":"repeat","background-position":"center center","background-size":"auto","background-attachment":"scroll","background-type":"","background-media":"","overlay-type":"","overlay-color":"","overlay-opacity":"","overlay-gradient":""},"tablet":{"background-color":"var(--ast-global-color-5)","background-image":"","background-repeat":"repeat","background-position":"center center","background-size":"auto","background-attachment":"scroll","background-type":"","background-media":"","overlay-type":"","overlay-color":"","overlay-opacity":"","overlay-gradient":""},"mobile":{"background-color":"var(--ast-global-color-5)","background-image":"","background-repeat":"repeat","background-position":"center center","background-size":"auto","background-attachment":"scroll","background-type":"","background-media":"","overlay-type":"","overlay-color":"","overlay-opacity":"","overlay-gradient":""}},"_joinchat":[]},"product_brand":[],"product_cat":[58],"product_tag":[],"class_list":{"0":"post-2045","1":"product","2":"type-product","3":"status-publish","4":"has-post-thumbnail","6":"product_cat-acondicionadores","7":"desktop-align-left","8":"tablet-align-left","9":"mobile-align-left","11":"first","12":"instock","13":"shipping-taxable","14":"purchasable","15":"product-type-simple"},"_links":{"self":[{"href":"https:\/\/francyriverapeluqueria.com.co\/index.php\/wp-json\/wp\/v2\/product\/2045","targetHints":{"allow":["GET"]}}],"collection":[{"href":"https:\/\/francyriverapeluqueria.com.co\/index.php\/wp-json\/wp\/v2\/product"}],"about":[{"href":"https:\/\/francyriverapeluqueria.com.co\/index.php\/wp-json\/wp\/v2\/types\/product"}],"replies":[{"embeddable":true,"href":"https:\/\/francyriverapeluqueria.com.co\/index.php\/wp-json\/wp\/v2\/comments?post=2045"}],"wp:featuredmedia":[{"embeddable":true,"href":"https:\/\/francyriverapeluqueria.com.co\/index.php\/wp-json\/wp\/v2\/media\/2040"}],"wp:attachment":[{"href":"https:\/\/francyriverapeluqueria.com.co\/index.php\/wp-json\/wp\/v2\/media?parent=2045"}],"wp:term":[{"taxonomy":"product_brand","embeddable":true,"href":"https:\/\/francyriverapeluqueria.com.co\/index.php\/wp-json\/wp\/v2\/product_brand?post=2045"},{"taxonomy":"product_cat","embeddable":true,"href":"https:\/\/francyriverapeluqueria.com.co\/index.php\/wp-json\/wp\/v2\/product_cat?post=2045"},{"taxonomy":"product_tag","embeddable":true,"href":"https:\/\/francyriverapeluqueria.com.co\/index.php\/wp-json\/wp\/v2\/product_tag?post=2045"}],"curies":[{"name":"wp","href":"https:\/\/api.w.org\/{rel}","templated":true}]}}